{"id":811,"date":"2018-10-04T19:34:31","date_gmt":"2018-10-04T19:34:31","guid":{"rendered":"https:\/\/sunway.freevision.me\/?page_id=811"},"modified":"2025-12-20T15:32:17","modified_gmt":"2025-12-20T15:32:17","slug":"stages-bien-etre","status":"publish","type":"page","link":"https:\/\/www.gite-savoie-bauges.fr\/index.php\/stages-bien-etre\/","title":{"rendered":"Accueil de \u00ab\u00a0RETRAITE\u00a0\u00bb OU \u00ab\u00a0STAGE BIEN-ETRE\u00a0\u00bb"},"content":{"rendered":"<p>[vc_row full_width=\u00a0\u00bbstretch_row\u00a0\u00bb full_height=\u00a0\u00bbyes\u00a0\u00bb parallax=\u00a0\u00bbcontent-moving\u00a0\u00bb parallax_image=\u00a0\u00bb838&Prime; zero_padding_on_mobile=\u00a0\u00bbon\u00a0\u00bb zero_margin_on_mobile=\u00a0\u00bbon\u00a0\u00bb][vc_column zero_padding_on_mobile=\u00a0\u00bbon\u00a0\u00bb zero_margin_on_mobile=\u00a0\u00bbon\u00a0\u00bb offset=\u00a0\u00bbvc_col-xs-12&Prime;]<div id=\"osrvbx-1\" class=\"ozy-service_box box-size-tall \">\n<div style=\"background-image:url(https:\/\/www.gite-savoie-bauges.fr\/wp-content\/uploads\/2025\/11\/alpage-sunset-automne-vue-lac.jpg);\"><\/div><div class=\"caption\"><a ><h2>PROPOSEZ UNE EXP\u00c9RIENCE AUTHENTIQUE \u00c0 VOTRE COMMUNAUT\u00c9<\/h2><p><\/p><\/a><\/div>\n<\/div>\n[vc_column_text]<\/p>\n<h2 style=\"text-align: center;\">Programmez votre prochain s\u00e9jour de ressourcement<\/h2>\n<p>&nbsp;<\/p>\n<blockquote><p>L&rsquo;Alpage est un lieu qui invite au <strong>ressourcement<\/strong> et \u00e0 l&rsquo;<strong>\u00e9quilibre<\/strong>.<\/p><\/blockquote>\n<p>Programmez votre stage bien-\u00eatre et offrez une <strong>pause r\u00e9g\u00e9n\u00e9rante<\/strong> et <strong>une immersion nature<\/strong> \u00e0 votre communaut\u00e9.<\/p>\n<p>Proposez leur un court s\u00e9jour, sous la forme d&rsquo;une<strong> retraite yoga<\/strong>, ou yoga et <strong>m\u00e9diation<\/strong>, en encore d&rsquo;un stage <strong>shiatsu<\/strong>, d&rsquo;un <strong>s\u00e9jour sportif<\/strong> ou encore d&rsquo;un stage de <strong>d\u00e9veloppement personnel<\/strong> &#8230; tout est possible ![\/vc_column_text][\/vc_column][\/vc_row][vc_row full_width=\u00a0\u00bbstretch_row_content_no_spaces\u00a0\u00bb content_placement=\u00a0\u00bbmiddle\u00a0\u00bb el_id=\u00a0\u00bbmore\u00a0\u00bb css=\u00a0\u00bb.vc_custom_1542742536903{margin-top: 0px !important;margin-bottom: 0px !important;padding-top: 0px !important;padding-bottom: 0px !important;}\u00a0\u00bb][vc_column width=\u00a0\u00bb1\/2&Prime; css=\u00a0\u00bb.vc_custom_1764323570724{margin-top: px !important;margin-right: 50px !important;margin-bottom: px !important;margin-left: 50px !important;padding-top: 0px !important;padding-bottom: 0px !important;}\u00a0\u00bb]<div class=\"carousel single wpb_content_element pagedots-true flickity-carousel  item-count-1\" data-flickity='{ \"adaptiveHeight\": false, \"pageDots\": true, \"prevNextButtons\": false, \"groupCells\": false, \"contain\" : true, \"cellAlign\": \"left\", \"imagesLoaded\": true, \"setGallerySize\": true, \"autoPlay\": 2000 }'>\n<div class=\"ozy-caroseul_item carousel-cell \" style=\"background:url(https:\/\/www.gite-savoie-bauges.fr\/wp-content\/uploads\/2025\/09\/yoga-meditation-alpage-les-granges-de-capucine.jpg);\">\n<a><img decoding=\"async\" src=\"https:\/\/www.gite-savoie-bauges.fr\/wp-content\/uploads\/2025\/09\/yoga-meditation-alpage-les-granges-de-capucine.jpg\" alt=\"\"><\/a><\/div>\n<div class=\"ozy-caroseul_item carousel-cell \" style=\"background:url(https:\/\/www.gite-savoie-bauges.fr\/wp-content\/uploads\/2025\/09\/yoga-alpage.jpg);\">\n<a><img decoding=\"async\" src=\"https:\/\/www.gite-savoie-bauges.fr\/wp-content\/uploads\/2025\/09\/yoga-alpage.jpg\" alt=\"\"><\/a><\/div>\n<div class=\"ozy-caroseul_item carousel-cell \" style=\"background:url(https:\/\/www.gite-savoie-bauges.fr\/wp-content\/uploads\/2025\/09\/meditation-alpage.jpg);\">\n<a><img decoding=\"async\" src=\"https:\/\/www.gite-savoie-bauges.fr\/wp-content\/uploads\/2025\/09\/meditation-alpage.jpg\" alt=\"\"><\/a><\/div><\/div><span  id=\"wofcb-2\" class=\"ozy-custom_button_w\"><a id=\"ofcb-2\" style=\"--data-bordercolor:#515b43\" class=\"ozy-custom_button ocbtn-1\"  href=\"https:\/\/www.gite-savoie-bauges.fr\/index.php\/about\/\"  target=\"_self\" >Contactez-nous pour \u00e9changer sur votre projet !<\/a><\/span>[\/vc_column][vc_column width=\u00a0\u00bb1\/2&Prime; zero_padding_on_mobile=\u00a0\u00bbon\u00a0\u00bb zero_margin_on_mobile=\u00a0\u00bbon\u00a0\u00bb css=\u00a0\u00bb.vc_custom_1764337084661{margin-right: 50px !important;margin-left: 50px !important;padding-right: 0% !important;padding-left: 0% !important;}\u00a0\u00bb]<div id=\"tile-with-icon_icon3\" class=\"title-with-icon-wrapper clear xlarge \" data-color=\"\"  style=\"\">\n\t\t\t<div class=\"wpb_content_element title-with-icon clearfix top-style\"><span  style=\"color:#515b43 !important;background-color: !important;\" class=\"oic-feather clear xlarge \" ><\/span><h2 style=\"color:#2f2b2c\">L'Alpage vous accueille avec tout le confort et la magie du lieu<\/h2>\n\t\t\t<\/div><\/div>[vc_column_text]L&rsquo;<strong>environnement paisible<\/strong>, la <strong>vue panoramique sur le lac<\/strong>, l<strong>&lsquo;\u00e2me de cette ancienne grange<\/strong> qu&rsquo;est L&rsquo;Alpage et son <strong>confort moderne<\/strong> invitent \u00e0 la s\u00e9r\u00e9nit\u00e9 int\u00e9rieure et \u00e0 la r\u00e9g\u00e9n\u00e9ration physique. Tout y est r\u00e9uni pour que votre stage bien-\u00eatre soit un succ\u00e8s.<\/p>\n<p>Vous pourrez y pratiquer avec vos participants des s\u00e9ances de <strong>Yoga Vinyasa<\/strong>, de la <strong>relaxation sonore<\/strong>, des <strong>massages ayurv\u00e9diques<\/strong>, du <strong>r\u00e9veil musculaire<\/strong> et m\u00eame pourquoi pas, de la <strong>cuisine bien-\u00eatre<\/strong> !<\/p>\n<p>L&rsquo;Alpage est au c\u0153ur d&rsquo;une nature balis\u00e9e, parfaite pour des <strong>randonn\u00e9es m\u00e9ditatives<\/strong> ou des <strong>trails ou rando VTT<\/strong>, plus sportifs. La proximit\u00e9 du lac permet aussi d&rsquo;envisager toutes sortes d&rsquo;activit\u00e9s sur l&rsquo;eau : <strong>yoga paddle, cano\u00e9, swim &amp; paddle, baignade en eau froide &#8230;<\/strong>[\/vc_column_text]<span  id=\"wofcb-4\" class=\"ozy-custom_button_w\"><a id=\"ofcb-4\" style=\"--data-bordercolor:#515b43\" class=\"ozy-custom_button ocbtn-11\"  href=\"https:\/\/www.gite-savoie-bauges.fr\/index.php\/grand-gite-en-montagne-galerie-photos-la-grange-de-capucine\/\"  target=\"_self\" >Parcourez la galerie photo de L&#039;Alpage<\/a><\/span>[\/vc_column][\/vc_row][vc_row full_width=\u00a0\u00bbstretch_row_content_no_spaces\u00a0\u00bb content_placement=\u00a0\u00bbmiddle\u00a0\u00bb css=\u00a0\u00bb.vc_custom_1764337130642{margin-top: 0px !important;margin-right: 50px !important;margin-bottom: 0px !important;margin-left: 50px !important;padding-top: 0px !important;padding-bottom: 0px !important;}\u00a0\u00bb][vc_column width=\u00a0\u00bb1\/2&Prime; zero_padding_on_mobile=\u00a0\u00bbon\u00a0\u00bb zero_margin_on_mobile=\u00a0\u00bbon\u00a0\u00bb css=\u00a0\u00bb.vc_custom_1764337120032{margin-right: 50px !important;margin-left: 50px !important;padding-right: % !important;padding-left: % !important;}\u00a0\u00bb]<div id=\"tile-with-icon_icon5\" class=\"title-with-icon-wrapper clear xlarge \" data-color=\"\"  style=\"\">\n\t\t\t<div class=\"wpb_content_element title-with-icon clearfix top-style\"><span  style=\"color:#515b43 !important;background-color: !important;\" class=\"oic-sunway4-023-flip-flops clear xlarge \" ><\/span><h2 style=\"color:#2f2b2c\">Capacit\u00e9 d'accueil de L'Alpage pour un stage bien-\u00eatre<\/h2>\n\t\t\t<\/div><\/div>[vc_column_text]L&rsquo;Alpage se compose de<strong> 2 gites (4 et 6 personnes)<\/strong> que vous pouvez privatiser pour <strong>10 personnes<\/strong>. Nous ouvrons alors une cage d&rsquo;escalier int\u00e9rieure qui vous permet de naviguer entre les 2. Comme dans une grande maison de famille,<strong> vous vous y sentirez chez vous.<\/strong><\/p>\n<p>La capacit\u00e9 d&rsquo;accueil de L&rsquo;Alpage est r\u00e9partie ainsi :<\/p>\n<ul>\n<li><strong>La chambre Nivolet<\/strong> : chambre double (lit double ou 2 lits simples) au rez de chauss\u00e9e, avec salle de bain et wc.<\/li>\n<li><strong>La chambre Granier<\/strong> : chambre double au rez de chauss\u00e9e, avec salle de bain et wc.<\/li>\n<li><strong>La chambre Dent du Chat<\/strong> : chambre double (lit double ou 2 lits simples) au 1er \u00e9tage.<\/li>\n<li><strong>La chambre Chambotte<\/strong> : chambre double (lit double ou 2 lits simples) au 1er \u00e9tage, avec salle de bain et wc.<\/li>\n<li><strong>La mezzanine<\/strong> : espace ouvert avec claustras qui donnent dans la pi\u00e8ce de vie, 1 lit simple + 1 lit simple au raz du sol dans une cabane en bois.<\/li>\n<\/ul>\n<p>Soit <strong>9 couchages en lits individuels<\/strong>, ou 10 couchages avec 2 personnes dans le m\u00eame lit. (Possibilit\u00e9 de garer un van am\u00e9nag\u00e9 sur le parking pour augmenter le nombre de couchages, possibilit\u00e9 \u00e9galement de louer un studio airbnb suppl\u00e9mentaire \u00e0 proximit\u00e9).[\/vc_column_text][\/vc_column][vc_column width=\u00a0\u00bb1\/2&Prime; css=\u00a0\u00bb.vc_custom_1764337220507{margin-top: 0px !important;margin-right: 50px !important;margin-bottom: 0px !important;margin-left: 50px !important;padding-top: 0px !important;padding-bottom: 0px !important;}\u00a0\u00bb][vc_video link=\u00a0\u00bbhttps:\/\/youtube.com\/shorts\/u8eH9cQSqNU\u00a0\u00bb]<span  id=\"wofcb-6\" class=\"ozy-custom_button_w\"><a id=\"ofcb-6\" style=\"--data-bordercolor:#515b43\" class=\"ozy-custom_button ocbtn-1\"  href=\"https:\/\/www.gite-savoie-bauges.fr\/index.php\/about\/\"  target=\"_self\" >Contactez-nous pour \u00e9changer sur votre projet !<\/a><\/span>[\/vc_column][\/vc_row][vc_row full_width=\u00a0\u00bbstretch_row_content_no_spaces\u00a0\u00bb content_placement=\u00a0\u00bbmiddle\u00a0\u00bb css=\u00a0\u00bb.vc_custom_1538772736486{margin-top: 0px !important;margin-bottom: 0px !important;padding-top: 0px !important;padding-bottom: 0px !important;}\u00a0\u00bb][vc_column width=\u00a0\u00bb1\/2&Prime; css=\u00a0\u00bb.vc_custom_1764337148465{margin-top: 0px !important;margin-right: 50px !important;margin-bottom: 0px !important;margin-left: 50px !important;padding-top: 0px !important;padding-right: px !important;padding-bottom: 0px !important;padding-left: px !important;}\u00a0\u00bb][vc_single_image image=\u00a0\u00bb5485&Prime; img_size=\u00a0\u00bbfull\u00a0\u00bb alignment=\u00a0\u00bbcenter\u00a0\u00bb css_animation=\u00a0\u00bbnone\u00a0\u00bb parallax_ratio=\u00a0\u00bb1.0&Prime; css=\u00a0\u00bb.vc_custom_1764339606086{margin-top: 0px !important;margin-bottom: 0px !important;padding-top: 0px !important;padding-bottom: 0px !important;}\u00a0\u00bb]<span  id=\"wofcb-7\" class=\"ozy-custom_button_w\"><a id=\"ofcb-7\" style=\"--data-bordercolor:#515b43\" class=\"ozy-custom_button ocbtn-1\"  href=\"https:\/\/www.gite-savoie-bauges.fr\/index.php\/services-et-options-a-la-carte\/\"  target=\"_self\" >D\u00e9couvrez notre offre de services<\/a><\/span>[\/vc_column][vc_column width=\u00a0\u00bb1\/2&Prime; zero_padding_on_mobile=\u00a0\u00bbon\u00a0\u00bb zero_margin_on_mobile=\u00a0\u00bbon\u00a0\u00bb css=\u00a0\u00bb.vc_custom_1764337162802{margin-right: 50px !important;margin-left: 50px !important;padding-right: % !important;padding-left: % !important;}\u00a0\u00bb]<div id=\"tile-with-icon_icon8\" class=\"title-with-icon-wrapper clear xlarge \" data-color=\"\"  style=\"\">\n\t\t\t<div class=\"wpb_content_element title-with-icon clearfix top-style\"><span  style=\"color:#515b43 !important;background-color: !important;\" class=\"oic-sunway5-002-room-service clear xlarge \" ><\/span><h2 style=\"color:#2f2b2c\">Les prestations de L'Alpage pour votre week-end de l\u00e2cher-prise<\/h2>\n\t\t\t<\/div><\/div>[vc_column_text]Vous disposerez d&rsquo;une <strong>pi\u00e8ce de vie principale<\/strong>, au 1er \u00e9tage, donnant sur <strong>une grande terrasse couverte en bois<\/strong>. Cet espace modulable accueillera vos repas et vos moments de pratique en int\u00e9rieur ou ext\u00e9rieur abrit\u00e9s.<\/p>\n<p>L&rsquo;Alpage dispose de <strong>2 cuisines toutes \u00e9quip\u00e9es<\/strong>, dont l&rsquo;une se trouve au rez de chauss\u00e9e et vous permettra de pr\u00e9parer vos repas, sans empi\u00e9ter sur l&rsquo;espace de vie et de pratique, de l&rsquo;\u00e9tage<\/p>\n<p>A l&rsquo;ext\u00e9rieur, un espace en herbe, face \u00e0 la vue, peut accueillir votre pratique et vos repas.<\/p>\n<p>Nous proposons toute une gamme de <a href=\"https:\/\/www.gite-savoie-bauges.fr\/index.php\/services-et-options-a-la-carte\/\"><strong>prestations et services de repas<\/strong><\/a> qui peuvent faciliter votre s\u00e9jour.[\/vc_column_text][\/vc_column][\/vc_row][vc_row full_width=\u00a0\u00bbstretch_row_content\u00a0\u00bb zero_padding_on_mobile=\u00a0\u00bbon\u00a0\u00bb zero_margin_on_mobile=\u00a0\u00bbon\u00a0\u00bb css=\u00a0\u00bb.vc_custom_1764339073539{margin-top: 0px !important;margin-bottom: 0px !important;padding-top: 100px !important;padding-right: 10% !important;padding-bottom: 30px !important;padding-left: 10% !important;background-color: rgba(81,91,67,0.5) !important;*background-color: rgb(81,91,67) !important;}\u00a0\u00bb el_id=\u00a0\u00bbgallery\u00a0\u00bb][vc_column]<div class=\"ozy-overlap_caption custom-font-on \"><h2 style=\"color:#515b43;\" >BIEN-ETRE<\/h2><h3 style=\"color:#2f2b2c;\" >Week-ends et courts s\u00e9jours<\/h3><\/div>[vc_empty_space height=\u00a0\u00bb40px\u00a0\u00bb]<ul class=\"ozy-mosaic_gallery \" id=\"mosaic-gallery-9\"><div class=\"grid-sizer\"><\/div><div class=\"gutter-sizer\"><\/div><\/ul>[\/vc_column][\/vc_row]<\/p>\n","protected":false},"excerpt":{"rendered":"<p>[vc_row full_width=\u00a0\u00bbstretch_row\u00a0\u00bb full_height=\u00a0\u00bbyes\u00a0\u00bb parallax=\u00a0\u00bbcontent-moving\u00a0\u00bb parallax_image=\u00a0\u00bb838&Prime; zero_padding_on_mobile=\u00a0\u00bbon\u00a0\u00bb zero_margin_on_mobile=\u00a0\u00bbon\u00a0\u00bb][vc_column zero_padding_on_mobile=\u00a0\u00bbon\u00a0\u00bb zero_margin_on_mobile=\u00a0\u00bbon\u00a0\u00bb offset=\u00a0\u00bbvc_col-xs-12&Prime;][vc_column_text] Programmez votre prochain s\u00e9jour de ressourcement &nbsp; L&rsquo;Alpage est un lieu qui invite au ressourcement et \u00e0 l&rsquo;\u00e9quilibre. Programmez votre [&hellip;]<\/p>\n","protected":false},"author":1,"featured_media":0,"parent":0,"menu_order":0,"comment_status":"closed","ping_status":"closed","template":"page-transparent-menu.php","meta":{"_monsterinsights_skip_tracking":false,"_monsterinsights_sitenote_active":false,"_monsterinsights_sitenote_note":"","_monsterinsights_sitenote_category":0,"footnotes":""},"class_list":["post-811","page","type-page","status-publish","hentry",null],"yoast_head":"<!-- This site is optimized with the Yoast SEO plugin v27.4 - https:\/\/yoast.com\/product\/yoast-seo-wordpress\/ -->\n<title>Stage bien-\u00eatre \u00e0 L&#039;Alpage<\/title>\n<meta name=\"description\" content=\"L&#039;Alpage vous accueille pour organiser votre stage bien-\u00eatre dans un environnement inspirant et confortable. Consultez notre page d\u00e9di\u00e9e !\" \/>\n<meta name=\"robots\" content=\"index, follow, max-snippet:-1, max-image-preview:large, max-video-preview:-1\" \/>\n<link rel=\"canonical\" href=\"https:\/\/www.gite-savoie-bauges.fr\/index.php\/stages-bien-etre\/\" \/>\n<meta property=\"og:locale\" content=\"fr_FR\" \/>\n<meta property=\"og:type\" content=\"article\" \/>\n<meta property=\"og:title\" content=\"Stage bien-\u00eatre \u00e0 L&#039;Alpage\" \/>\n<meta property=\"og:description\" content=\"L&#039;Alpage vous accueille pour organiser votre stage bien-\u00eatre dans un environnement inspirant et confortable. Consultez notre page d\u00e9di\u00e9e !\" \/>\n<meta property=\"og:url\" content=\"https:\/\/www.gite-savoie-bauges.fr\/index.php\/stages-bien-etre\/\" \/>\n<meta property=\"og:site_name\" content=\"Les granges de Capucine\" \/>\n<meta property=\"article:modified_time\" content=\"2025-12-20T15:32:17+00:00\" \/>\n<meta name=\"twitter:card\" content=\"summary_large_image\" \/>\n<meta name=\"twitter:label1\" content=\"Dur\u00e9e de lecture estim\u00e9e\" \/>\n\t<meta name=\"twitter:data1\" content=\"5 minutes\" \/>\n<script type=\"application\/ld+json\" class=\"yoast-schema-graph\">{\"@context\":\"https:\\\/\\\/schema.org\",\"@graph\":[{\"@type\":\"WebPage\",\"@id\":\"https:\\\/\\\/www.gite-savoie-bauges.fr\\\/index.php\\\/stages-bien-etre\\\/\",\"url\":\"https:\\\/\\\/www.gite-savoie-bauges.fr\\\/index.php\\\/stages-bien-etre\\\/\",\"name\":\"Stage bien-\u00eatre \u00e0 L'Alpage\",\"isPartOf\":{\"@id\":\"https:\\\/\\\/www.gite-savoie-bauges.fr\\\/#website\"},\"datePublished\":\"2018-10-04T19:34:31+00:00\",\"dateModified\":\"2025-12-20T15:32:17+00:00\",\"description\":\"L'Alpage vous accueille pour organiser votre stage bien-\u00eatre dans un environnement inspirant et confortable. Consultez notre page d\u00e9di\u00e9e !\",\"breadcrumb\":{\"@id\":\"https:\\\/\\\/www.gite-savoie-bauges.fr\\\/index.php\\\/stages-bien-etre\\\/#breadcrumb\"},\"inLanguage\":\"fr-FR\",\"potentialAction\":[{\"@type\":\"ReadAction\",\"target\":[\"https:\\\/\\\/www.gite-savoie-bauges.fr\\\/index.php\\\/stages-bien-etre\\\/\"]}]},{\"@type\":\"BreadcrumbList\",\"@id\":\"https:\\\/\\\/www.gite-savoie-bauges.fr\\\/index.php\\\/stages-bien-etre\\\/#breadcrumb\",\"itemListElement\":[{\"@type\":\"ListItem\",\"position\":1,\"name\":\"Accueil\",\"item\":\"https:\\\/\\\/www.gite-savoie-bauges.fr\\\/\"},{\"@type\":\"ListItem\",\"position\":2,\"name\":\"Accueil de \u00ab\u00a0RETRAITE\u00a0\u00bb OU \u00ab\u00a0STAGE BIEN-ETRE\u00a0\u00bb\"}]},{\"@type\":\"WebSite\",\"@id\":\"https:\\\/\\\/www.gite-savoie-bauges.fr\\\/#website\",\"url\":\"https:\\\/\\\/www.gite-savoie-bauges.fr\\\/\",\"name\":\"Les granges de Capucine\",\"description\":\"3 gites en Savoie Mont Blanc entre 2 lacs\",\"potentialAction\":[{\"@type\":\"SearchAction\",\"target\":{\"@type\":\"EntryPoint\",\"urlTemplate\":\"https:\\\/\\\/www.gite-savoie-bauges.fr\\\/?s={search_term_string}\"},\"query-input\":{\"@type\":\"PropertyValueSpecification\",\"valueRequired\":true,\"valueName\":\"search_term_string\"}}],\"inLanguage\":\"fr-FR\"}]}<\/script>\n<!-- \/ Yoast SEO plugin. -->","yoast_head_json":{"title":"Stage bien-\u00eatre \u00e0 L'Alpage","description":"L'Alpage vous accueille pour organiser votre stage bien-\u00eatre dans un environnement inspirant et confortable. Consultez notre page d\u00e9di\u00e9e !","robots":{"index":"index","follow":"follow","max-snippet":"max-snippet:-1","max-image-preview":"max-image-preview:large","max-video-preview":"max-video-preview:-1"},"canonical":"https:\/\/www.gite-savoie-bauges.fr\/index.php\/stages-bien-etre\/","og_locale":"fr_FR","og_type":"article","og_title":"Stage bien-\u00eatre \u00e0 L'Alpage","og_description":"L'Alpage vous accueille pour organiser votre stage bien-\u00eatre dans un environnement inspirant et confortable. Consultez notre page d\u00e9di\u00e9e !","og_url":"https:\/\/www.gite-savoie-bauges.fr\/index.php\/stages-bien-etre\/","og_site_name":"Les granges de Capucine","article_modified_time":"2025-12-20T15:32:17+00:00","twitter_card":"summary_large_image","twitter_misc":{"Dur\u00e9e de lecture estim\u00e9e":"5 minutes"},"schema":{"@context":"https:\/\/schema.org","@graph":[{"@type":"WebPage","@id":"https:\/\/www.gite-savoie-bauges.fr\/index.php\/stages-bien-etre\/","url":"https:\/\/www.gite-savoie-bauges.fr\/index.php\/stages-bien-etre\/","name":"Stage bien-\u00eatre \u00e0 L'Alpage","isPartOf":{"@id":"https:\/\/www.gite-savoie-bauges.fr\/#website"},"datePublished":"2018-10-04T19:34:31+00:00","dateModified":"2025-12-20T15:32:17+00:00","description":"L'Alpage vous accueille pour organiser votre stage bien-\u00eatre dans un environnement inspirant et confortable. Consultez notre page d\u00e9di\u00e9e !","breadcrumb":{"@id":"https:\/\/www.gite-savoie-bauges.fr\/index.php\/stages-bien-etre\/#breadcrumb"},"inLanguage":"fr-FR","potentialAction":[{"@type":"ReadAction","target":["https:\/\/www.gite-savoie-bauges.fr\/index.php\/stages-bien-etre\/"]}]},{"@type":"BreadcrumbList","@id":"https:\/\/www.gite-savoie-bauges.fr\/index.php\/stages-bien-etre\/#breadcrumb","itemListElement":[{"@type":"ListItem","position":1,"name":"Accueil","item":"https:\/\/www.gite-savoie-bauges.fr\/"},{"@type":"ListItem","position":2,"name":"Accueil de \u00ab\u00a0RETRAITE\u00a0\u00bb OU \u00ab\u00a0STAGE BIEN-ETRE\u00a0\u00bb"}]},{"@type":"WebSite","@id":"https:\/\/www.gite-savoie-bauges.fr\/#website","url":"https:\/\/www.gite-savoie-bauges.fr\/","name":"Les granges de Capucine","description":"3 gites en Savoie Mont Blanc entre 2 lacs","potentialAction":[{"@type":"SearchAction","target":{"@type":"EntryPoint","urlTemplate":"https:\/\/www.gite-savoie-bauges.fr\/?s={search_term_string}"},"query-input":{"@type":"PropertyValueSpecification","valueRequired":true,"valueName":"search_term_string"}}],"inLanguage":"fr-FR"}]}},"_links":{"self":[{"href":"https:\/\/www.gite-savoie-bauges.fr\/index.php\/wp-json\/wp\/v2\/pages\/811","targetHints":{"allow":["GET"]}}],"collection":[{"href":"https:\/\/www.gite-savoie-bauges.fr\/index.php\/wp-json\/wp\/v2\/pages"}],"about":[{"href":"https:\/\/www.gite-savoie-bauges.fr\/index.php\/wp-json\/wp\/v2\/types\/page"}],"author":[{"embeddable":true,"href":"https:\/\/www.gite-savoie-bauges.fr\/index.php\/wp-json\/wp\/v2\/users\/1"}],"replies":[{"embeddable":true,"href":"https:\/\/www.gite-savoie-bauges.fr\/index.php\/wp-json\/wp\/v2\/comments?post=811"}],"version-history":[{"count":72,"href":"https:\/\/www.gite-savoie-bauges.fr\/index.php\/wp-json\/wp\/v2\/pages\/811\/revisions"}],"predecessor-version":[{"id":5537,"href":"https:\/\/www.gite-savoie-bauges.fr\/index.php\/wp-json\/wp\/v2\/pages\/811\/revisions\/5537"}],"wp:attachment":[{"href":"https:\/\/www.gite-savoie-bauges.fr\/index.php\/wp-json\/wp\/v2\/media?parent=811"}],"curies":[{"name":"wp","href":"https:\/\/api.w.org\/{rel}","templated":true}]}}