{"id":652,"date":"2018-09-27T20:10:53","date_gmt":"2018-09-27T20:10:53","guid":{"rendered":"https:\/\/sunway.freevision.me\/?page_id=652"},"modified":"2026-04-28T11:34:28","modified_gmt":"2026-04-28T11:34:28","slug":"grange-a-renover-a-propos-lesgrangesdecapucine","status":"publish","type":"page","link":"https:\/\/www.gite-savoie-bauges.fr\/index.php\/grange-a-renover-a-propos-lesgrangesdecapucine\/","title":{"rendered":"A propos"},"content":{"rendered":"<p>[vc_row content_placement=\u00a0\u00bbmiddle\u00a0\u00bb][vc_column width=\u00a0\u00bb2\/3&Prime;][vc_empty_space][vc_column_text css=\u00a0\u00bb.vc_custom_1727183799793{margin-top: 20px !important;}\u00a0\u00bb]S\u00e9bastien et moi sommes deux passionn\u00e9s de <strong>nature et de terroir<\/strong> &#8230; qui aimons par dessus tout <strong>recevoir<\/strong>. Nous avons toujours con\u00e7u notre \u00ab\u00a0chez nous\u00a0\u00bb en pensant <strong>aux amis et \u00e0 la famille<\/strong> que nous allions pouvoir h\u00e9berger.<\/p>\n<p>Notre aventure avec ce territoire a commenc\u00e9 en 2001 mais s&rsquo;est r\u00e9ellement concr\u00e9tis\u00e9e en 2008 avec l&rsquo;achat de notre premi\u00e8re grange \u00e0 r\u00e9nover. C&rsquo;est tout naturellement que le projet d&rsquo;<strong>ouvrir un gite<\/strong> s&rsquo;est associ\u00e9 \u00e0 notre r\u00e9novation. Notre envie d&rsquo;accueillir allait prendre une autre envergure avec l&rsquo;ouverture de <strong>La Grange de Capucine<\/strong> deux ans apr\u00e8s.[\/vc_column_text][vc_row_inner content_placement=\u00a0\u00bbmiddle\u00a0\u00bb][vc_column_inner][vc_single_image image=\u00a0\u00bb2074&Prime; img_size=\u00a0\u00bbfull\u00a0\u00bb style=\u00a0\u00bbvc_box_border\u00a0\u00bb parallax_ratio=\u00a0\u00bb1&Prime;][\/vc_column_inner][\/vc_row_inner][\/vc_column][vc_column width=\u00a0\u00bb1\/3&Prime;][vc_single_image image=\u00a0\u00bb4247&Prime; img_size=\u00a0\u00bbfull\u00a0\u00bb alignment=\u00a0\u00bbcenter\u00a0\u00bb style=\u00a0\u00bbvc_box_border\u00a0\u00bb parallax_ratio=\u00a0\u00bb1&Prime;][vc_column_text]Aujourd&rsquo;hui, notre exp\u00e9rience d&rsquo;h\u00f4tes nous \u00e9panouit au quotidien.\u00a0 Avec l&rsquo;ouverture de <strong>L&rsquo;Alpage fin 2023<\/strong>, nous nous investissons encore davantage dans ce qui nous pla\u00eet : vous accueillir et vous faire aimer notre r\u00e9gion.<\/p>\n<p>Cette nouvelle grange, \u00e0 laquelle nous avons redonn\u00e9 vie, abrite <strong>deux autres gites de caract\u00e8re<\/strong> dans un cadre exceptionnellement pr\u00e9serv\u00e9, avec <strong>une vue sur le lac du Bourget<\/strong> qui ne cesse de nous \u00e9merveiller&#8230;<\/p>\n<p>Nous vous y accueillons pour profiter de l&rsquo;attrait du lac et de la r\u00e9gion, dont les charmes s&rsquo;\u00e9tirent sur les <strong>4 saisons<\/strong>.[\/vc_column_text][\/vc_column][\/vc_row][vc_row full_width=\u00a0\u00bbstretch_row_content_no_spaces\u00a0\u00bb css=\u00a0\u00bb.vc_custom_1538508159973{margin-top: 50px !important;}\u00a0\u00bb][vc_column]<span  id=\"wofcb-1\" class=\"ozy-custom_button_w\"><a id=\"ofcb-1\" style=\"--data-bordercolor:#515b43\" class=\"ozy-custom_button ocbtn-0\"  href=\"https:\/\/www.gite-savoie-bauges.fr\/index.php\/tourisme-local-annecy-aixlriviera-lesgrangesdecapucine\/\"  target=\"_self\" >Lire la suite et d\u00e9vouvrir le blog<\/a><\/span>[vc_empty_space][\/vc_column][\/vc_row]<\/p>\n","protected":false},"excerpt":{"rendered":"<p>[vc_row content_placement=\u00a0\u00bbmiddle\u00a0\u00bb][vc_column width=\u00a0\u00bb2\/3&Prime;][vc_empty_space][vc_column_text css=\u00a0\u00bb.vc_custom_1727183799793{margin-top: 20px !important;}\u00a0\u00bb]S\u00e9bastien et moi sommes deux passionn\u00e9s de nature et de terroir &#8230; qui aimons par dessus tout recevoir. Nous avons toujours con\u00e7u notre \u00ab\u00a0chez nous\u00a0\u00bb [&hellip;]<\/p>\n","protected":false},"author":1,"featured_media":0,"parent":0,"menu_order":0,"comment_status":"closed","ping_status":"closed","template":"","meta":{"footnotes":""},"class_list":["post-652","page","type-page","status-publish","hentry",null],"yoast_head":"<!-- This site is optimized with the Yoast SEO plugin v27.5 - https:\/\/yoast.com\/product\/yoast-seo-wordpress\/ -->\n<title>Grange \u00e0 r\u00e9nover - A propos - Les granges de Capucine<\/title>\n<meta name=\"description\" content=\"Une grange \u00e0 r\u00e9nover, un gite \u00e0 cr\u00e9er, une famille \u00e0 loger ... et voil\u00e0 le d\u00e9but de l&#039;aventure des Granges de Capucine.\" \/>\n<meta name=\"robots\" content=\"index, follow, max-snippet:-1, max-image-preview:large, max-video-preview:-1\" \/>\n<link rel=\"canonical\" href=\"https:\/\/www.gite-savoie-bauges.fr\/index.php\/grange-a-renover-a-propos-lesgrangesdecapucine\/\" \/>\n<meta property=\"og:locale\" content=\"fr_FR\" \/>\n<meta property=\"og:type\" content=\"article\" \/>\n<meta property=\"og:title\" content=\"Grange \u00e0 r\u00e9nover - A propos - Les granges de Capucine\" \/>\n<meta property=\"og:description\" content=\"Une grange \u00e0 r\u00e9nover, un gite \u00e0 cr\u00e9er, une famille \u00e0 loger ... et voil\u00e0 le d\u00e9but de l&#039;aventure des Granges de Capucine.\" \/>\n<meta property=\"og:url\" content=\"https:\/\/www.gite-savoie-bauges.fr\/index.php\/grange-a-renover-a-propos-lesgrangesdecapucine\/\" \/>\n<meta property=\"og:site_name\" content=\"Les granges de Capucine\" \/>\n<meta property=\"article:modified_time\" content=\"2026-04-28T11:34:28+00:00\" \/>\n<meta name=\"twitter:card\" content=\"summary_large_image\" \/>\n<meta name=\"twitter:label1\" content=\"Dur\u00e9e de lecture estim\u00e9e\" \/>\n\t<meta name=\"twitter:data1\" content=\"2 minutes\" \/>\n<script type=\"application\/ld+json\" class=\"yoast-schema-graph\">{\"@context\":\"https:\\\/\\\/schema.org\",\"@graph\":[{\"@type\":\"WebPage\",\"@id\":\"https:\\\/\\\/www.gite-savoie-bauges.fr\\\/index.php\\\/grange-a-renover-a-propos-lesgrangesdecapucine\\\/\",\"url\":\"https:\\\/\\\/www.gite-savoie-bauges.fr\\\/index.php\\\/grange-a-renover-a-propos-lesgrangesdecapucine\\\/\",\"name\":\"Grange \u00e0 r\u00e9nover - A propos - Les granges de Capucine\",\"isPartOf\":{\"@id\":\"https:\\\/\\\/www.gite-savoie-bauges.fr\\\/#website\"},\"datePublished\":\"2018-09-27T20:10:53+00:00\",\"dateModified\":\"2026-04-28T11:34:28+00:00\",\"description\":\"Une grange \u00e0 r\u00e9nover, un gite \u00e0 cr\u00e9er, une famille \u00e0 loger ... et voil\u00e0 le d\u00e9but de l'aventure des Granges de Capucine.\",\"breadcrumb\":{\"@id\":\"https:\\\/\\\/www.gite-savoie-bauges.fr\\\/index.php\\\/grange-a-renover-a-propos-lesgrangesdecapucine\\\/#breadcrumb\"},\"inLanguage\":\"fr-FR\",\"potentialAction\":[{\"@type\":\"ReadAction\",\"target\":[\"https:\\\/\\\/www.gite-savoie-bauges.fr\\\/index.php\\\/grange-a-renover-a-propos-lesgrangesdecapucine\\\/\"]}]},{\"@type\":\"BreadcrumbList\",\"@id\":\"https:\\\/\\\/www.gite-savoie-bauges.fr\\\/index.php\\\/grange-a-renover-a-propos-lesgrangesdecapucine\\\/#breadcrumb\",\"itemListElement\":[{\"@type\":\"ListItem\",\"position\":1,\"name\":\"Accueil\",\"item\":\"https:\\\/\\\/www.gite-savoie-bauges.fr\\\/\"},{\"@type\":\"ListItem\",\"position\":2,\"name\":\"A propos\"}]},{\"@type\":\"WebSite\",\"@id\":\"https:\\\/\\\/www.gite-savoie-bauges.fr\\\/#website\",\"url\":\"https:\\\/\\\/www.gite-savoie-bauges.fr\\\/\",\"name\":\"Les granges de Capucine\",\"description\":\"3 gites en Savoie Mont Blanc entre 2 lacs\",\"potentialAction\":[{\"@type\":\"SearchAction\",\"target\":{\"@type\":\"EntryPoint\",\"urlTemplate\":\"https:\\\/\\\/www.gite-savoie-bauges.fr\\\/?s={search_term_string}\"},\"query-input\":{\"@type\":\"PropertyValueSpecification\",\"valueRequired\":true,\"valueName\":\"search_term_string\"}}],\"inLanguage\":\"fr-FR\"}]}<\/script>\n<!-- \/ Yoast SEO plugin. -->","yoast_head_json":{"title":"Grange \u00e0 r\u00e9nover - A propos - Les granges de Capucine","description":"Une grange \u00e0 r\u00e9nover, un gite \u00e0 cr\u00e9er, une famille \u00e0 loger ... et voil\u00e0 le d\u00e9but de l'aventure des Granges de Capucine.","robots":{"index":"index","follow":"follow","max-snippet":"max-snippet:-1","max-image-preview":"max-image-preview:large","max-video-preview":"max-video-preview:-1"},"canonical":"https:\/\/www.gite-savoie-bauges.fr\/index.php\/grange-a-renover-a-propos-lesgrangesdecapucine\/","og_locale":"fr_FR","og_type":"article","og_title":"Grange \u00e0 r\u00e9nover - A propos - Les granges de Capucine","og_description":"Une grange \u00e0 r\u00e9nover, un gite \u00e0 cr\u00e9er, une famille \u00e0 loger ... et voil\u00e0 le d\u00e9but de l'aventure des Granges de Capucine.","og_url":"https:\/\/www.gite-savoie-bauges.fr\/index.php\/grange-a-renover-a-propos-lesgrangesdecapucine\/","og_site_name":"Les granges de Capucine","article_modified_time":"2026-04-28T11:34:28+00:00","twitter_card":"summary_large_image","twitter_misc":{"Dur\u00e9e de lecture estim\u00e9e":"2 minutes"},"schema":{"@context":"https:\/\/schema.org","@graph":[{"@type":"WebPage","@id":"https:\/\/www.gite-savoie-bauges.fr\/index.php\/grange-a-renover-a-propos-lesgrangesdecapucine\/","url":"https:\/\/www.gite-savoie-bauges.fr\/index.php\/grange-a-renover-a-propos-lesgrangesdecapucine\/","name":"Grange \u00e0 r\u00e9nover - A propos - Les granges de Capucine","isPartOf":{"@id":"https:\/\/www.gite-savoie-bauges.fr\/#website"},"datePublished":"2018-09-27T20:10:53+00:00","dateModified":"2026-04-28T11:34:28+00:00","description":"Une grange \u00e0 r\u00e9nover, un gite \u00e0 cr\u00e9er, une famille \u00e0 loger ... et voil\u00e0 le d\u00e9but de l'aventure des Granges de Capucine.","breadcrumb":{"@id":"https:\/\/www.gite-savoie-bauges.fr\/index.php\/grange-a-renover-a-propos-lesgrangesdecapucine\/#breadcrumb"},"inLanguage":"fr-FR","potentialAction":[{"@type":"ReadAction","target":["https:\/\/www.gite-savoie-bauges.fr\/index.php\/grange-a-renover-a-propos-lesgrangesdecapucine\/"]}]},{"@type":"BreadcrumbList","@id":"https:\/\/www.gite-savoie-bauges.fr\/index.php\/grange-a-renover-a-propos-lesgrangesdecapucine\/#breadcrumb","itemListElement":[{"@type":"ListItem","position":1,"name":"Accueil","item":"https:\/\/www.gite-savoie-bauges.fr\/"},{"@type":"ListItem","position":2,"name":"A propos"}]},{"@type":"WebSite","@id":"https:\/\/www.gite-savoie-bauges.fr\/#website","url":"https:\/\/www.gite-savoie-bauges.fr\/","name":"Les granges de Capucine","description":"3 gites en Savoie Mont Blanc entre 2 lacs","potentialAction":[{"@type":"SearchAction","target":{"@type":"EntryPoint","urlTemplate":"https:\/\/www.gite-savoie-bauges.fr\/?s={search_term_string}"},"query-input":{"@type":"PropertyValueSpecification","valueRequired":true,"valueName":"search_term_string"}}],"inLanguage":"fr-FR"}]}},"_links":{"self":[{"href":"https:\/\/www.gite-savoie-bauges.fr\/index.php\/wp-json\/wp\/v2\/pages\/652","targetHints":{"allow":["GET"]}}],"collection":[{"href":"https:\/\/www.gite-savoie-bauges.fr\/index.php\/wp-json\/wp\/v2\/pages"}],"about":[{"href":"https:\/\/www.gite-savoie-bauges.fr\/index.php\/wp-json\/wp\/v2\/types\/page"}],"author":[{"embeddable":true,"href":"https:\/\/www.gite-savoie-bauges.fr\/index.php\/wp-json\/wp\/v2\/users\/1"}],"replies":[{"embeddable":true,"href":"https:\/\/www.gite-savoie-bauges.fr\/index.php\/wp-json\/wp\/v2\/comments?post=652"}],"version-history":[{"count":99,"href":"https:\/\/www.gite-savoie-bauges.fr\/index.php\/wp-json\/wp\/v2\/pages\/652\/revisions"}],"predecessor-version":[{"id":5734,"href":"https:\/\/www.gite-savoie-bauges.fr\/index.php\/wp-json\/wp\/v2\/pages\/652\/revisions\/5734"}],"wp:attachment":[{"href":"https:\/\/www.gite-savoie-bauges.fr\/index.php\/wp-json\/wp\/v2\/media?parent=652"}],"curies":[{"name":"wp","href":"https:\/\/api.w.org\/{rel}","templated":true}]}}