{"id":1356,"date":"2018-10-31T21:01:59","date_gmt":"2018-10-31T21:01:59","guid":{"rendered":"https:\/\/sunway.freevision.me\/?page_id=1356"},"modified":"2022-03-25T11:10:04","modified_gmt":"2022-03-25T11:10:04","slug":"un-blog-sur-les-activites-en-savoie-mont-blanc","status":"publish","type":"page","link":"https:\/\/www.gite-savoie-bauges.fr\/index.php\/tourisme-local-annecy-aixlriviera-lesgrangesdecapucine\/un-blog-sur-les-activites-en-savoie-mont-blanc\/","title":{"rendered":"Le blog &#8211; Regular"},"content":{"rendered":"<p>[vc_row][vc_column][vc_column_text]<\/p>\n<h2>Mettre en valeur les activit\u00e9s en Savoie Mont-Blanc<\/h2>\n<p>Laissez-moi vous donner l&rsquo;envie de d\u00e9couvrir la diversit\u00e9 des activit\u00e9s en Savoie Mont-Blanc<\/p>\n<p>La vari\u00e9t\u00e9 et la qualit\u00e9 de ses acteurs, la pr\u00e9servation et la mise en valeur de la nature et de ses bienfaits font de cette r\u00e9gion un territoire d&rsquo;exception.<\/p>\n<p>Venir profiter d&rsquo;un s\u00e9jour dans les 2 Savoies ne sera plus une hypoth\u00e8se, mais une r\u00e9alit\u00e9 \ud83d\ude42<\/p>\n<p><a href=\"https:\/\/www.gite-savoie-bauges.fr\/\">Les Granges de Capucine<\/a> sauront vous faire vivre des exp\u00e9riences inoubliables et le territoire de <a href=\"http:\/\/www.savoie-mont-blanc.com\/\" target=\"_blank\" rel=\"noopener\">Savoie Mont-Blanc<\/a>\u00a0vous \u00e9merveillera, comptez-sur moi !<\/p>\n<p>Capuc&rsquo;In<\/p>\n<p>[\/vc_column_text][\/vc_column][\/vc_row]<\/p>\n","protected":false},"excerpt":{"rendered":"<p>[vc_row][vc_column][vc_column_text] Mettre en valeur les activit\u00e9s en Savoie Mont-Blanc Laissez-moi vous donner l&rsquo;envie de d\u00e9couvrir la diversit\u00e9 des activit\u00e9s en Savoie Mont-Blanc La vari\u00e9t\u00e9 et la qualit\u00e9 de ses acteurs, [&hellip;]<\/p>\n","protected":false},"author":1,"featured_media":3684,"parent":571,"menu_order":0,"comment_status":"closed","ping_status":"closed","template":"page-regular-blog.php","meta":{"footnotes":""},"class_list":["post-1356","page","type-page","status-publish","has-post-thumbnail","hentry","has_thumb",null],"yoast_head":"<!-- This site is optimized with the Yoast SEO plugin v27.5 - https:\/\/yoast.com\/product\/yoast-seo-wordpress\/ -->\n<title>Activit\u00e9s en Savoie Mont-Blanc - tourisme - territoire - Le Blog de Capuc&#039;In<\/title>\n<meta name=\"description\" content=\"Les activit\u00e9s en Savoie sont nombreuses ! Laissez-moi vous donner l&#039;envie de d\u00e9couvrir notre territoire \u00e0 travers des articles document\u00e9s !\" \/>\n<meta name=\"robots\" content=\"index, follow, max-snippet:-1, max-image-preview:large, max-video-preview:-1\" \/>\n<link rel=\"canonical\" href=\"https:\/\/www.gite-savoie-bauges.fr\/index.php\/tourisme-local-annecy-aixlriviera-lesgrangesdecapucine\/un-blog-sur-les-activites-en-savoie-mont-blanc\/\" \/>\n<meta property=\"og:locale\" content=\"fr_FR\" \/>\n<meta property=\"og:type\" content=\"article\" \/>\n<meta property=\"og:title\" content=\"Activit\u00e9s en Savoie Mont-Blanc - tourisme - territoire - Le Blog de Capuc&#039;In\" \/>\n<meta property=\"og:description\" content=\"Les activit\u00e9s en Savoie sont nombreuses ! Laissez-moi vous donner l&#039;envie de d\u00e9couvrir notre territoire \u00e0 travers des articles document\u00e9s !\" \/>\n<meta property=\"og:url\" content=\"https:\/\/www.gite-savoie-bauges.fr\/index.php\/tourisme-local-annecy-aixlriviera-lesgrangesdecapucine\/un-blog-sur-les-activites-en-savoie-mont-blanc\/\" \/>\n<meta property=\"og:site_name\" content=\"Les granges de Capucine\" \/>\n<meta property=\"article:modified_time\" content=\"2022-03-25T11:10:04+00:00\" \/>\n<meta property=\"og:image\" content=\"https:\/\/www.gite-savoie-bauges.fr\/wp-content\/uploads\/2022\/03\/IMG-20200802-WA0030.jpg\" \/>\n\t<meta property=\"og:image:width\" content=\"1599\" \/>\n\t<meta property=\"og:image:height\" content=\"758\" \/>\n\t<meta property=\"og:image:type\" content=\"image\/jpeg\" \/>\n<meta name=\"twitter:card\" content=\"summary_large_image\" \/>\n<meta name=\"twitter:label1\" content=\"Dur\u00e9e de lecture estim\u00e9e\" \/>\n\t<meta name=\"twitter:data1\" content=\"1 minute\" \/>\n<script type=\"application\/ld+json\" class=\"yoast-schema-graph\">{\"@context\":\"https:\\\/\\\/schema.org\",\"@graph\":[{\"@type\":\"WebPage\",\"@id\":\"https:\\\/\\\/www.gite-savoie-bauges.fr\\\/index.php\\\/tourisme-local-annecy-aixlriviera-lesgrangesdecapucine\\\/un-blog-sur-les-activites-en-savoie-mont-blanc\\\/\",\"url\":\"https:\\\/\\\/www.gite-savoie-bauges.fr\\\/index.php\\\/tourisme-local-annecy-aixlriviera-lesgrangesdecapucine\\\/un-blog-sur-les-activites-en-savoie-mont-blanc\\\/\",\"name\":\"Activit\u00e9s en Savoie Mont-Blanc - tourisme - territoire - Le Blog de Capuc'In\",\"isPartOf\":{\"@id\":\"https:\\\/\\\/www.gite-savoie-bauges.fr\\\/#website\"},\"primaryImageOfPage\":{\"@id\":\"https:\\\/\\\/www.gite-savoie-bauges.fr\\\/index.php\\\/tourisme-local-annecy-aixlriviera-lesgrangesdecapucine\\\/un-blog-sur-les-activites-en-savoie-mont-blanc\\\/#primaryimage\"},\"image\":{\"@id\":\"https:\\\/\\\/www.gite-savoie-bauges.fr\\\/index.php\\\/tourisme-local-annecy-aixlriviera-lesgrangesdecapucine\\\/un-blog-sur-les-activites-en-savoie-mont-blanc\\\/#primaryimage\"},\"thumbnailUrl\":\"https:\\\/\\\/www.gite-savoie-bauges.fr\\\/wp-content\\\/uploads\\\/2022\\\/03\\\/IMG-20200802-WA0030.jpg\",\"datePublished\":\"2018-10-31T21:01:59+00:00\",\"dateModified\":\"2022-03-25T11:10:04+00:00\",\"description\":\"Les activit\u00e9s en Savoie sont nombreuses ! Laissez-moi vous donner l'envie de d\u00e9couvrir notre territoire \u00e0 travers des articles document\u00e9s !\",\"breadcrumb\":{\"@id\":\"https:\\\/\\\/www.gite-savoie-bauges.fr\\\/index.php\\\/tourisme-local-annecy-aixlriviera-lesgrangesdecapucine\\\/un-blog-sur-les-activites-en-savoie-mont-blanc\\\/#breadcrumb\"},\"inLanguage\":\"fr-FR\",\"potentialAction\":[{\"@type\":\"ReadAction\",\"target\":[\"https:\\\/\\\/www.gite-savoie-bauges.fr\\\/index.php\\\/tourisme-local-annecy-aixlriviera-lesgrangesdecapucine\\\/un-blog-sur-les-activites-en-savoie-mont-blanc\\\/\"]}]},{\"@type\":\"ImageObject\",\"inLanguage\":\"fr-FR\",\"@id\":\"https:\\\/\\\/www.gite-savoie-bauges.fr\\\/index.php\\\/tourisme-local-annecy-aixlriviera-lesgrangesdecapucine\\\/un-blog-sur-les-activites-en-savoie-mont-blanc\\\/#primaryimage\",\"url\":\"https:\\\/\\\/www.gite-savoie-bauges.fr\\\/wp-content\\\/uploads\\\/2022\\\/03\\\/IMG-20200802-WA0030.jpg\",\"contentUrl\":\"https:\\\/\\\/www.gite-savoie-bauges.fr\\\/wp-content\\\/uploads\\\/2022\\\/03\\\/IMG-20200802-WA0030.jpg\",\"width\":1599,\"height\":758,\"caption\":\"paysage et activit\u00e9s en Savoie Mont-Blanc\"},{\"@type\":\"BreadcrumbList\",\"@id\":\"https:\\\/\\\/www.gite-savoie-bauges.fr\\\/index.php\\\/tourisme-local-annecy-aixlriviera-lesgrangesdecapucine\\\/un-blog-sur-les-activites-en-savoie-mont-blanc\\\/#breadcrumb\",\"itemListElement\":[{\"@type\":\"ListItem\",\"position\":1,\"name\":\"Accueil\",\"item\":\"https:\\\/\\\/www.gite-savoie-bauges.fr\\\/\"},{\"@type\":\"ListItem\",\"position\":2,\"name\":\"Le blog de Capuc&rsquo;In\",\"item\":\"https:\\\/\\\/www.gite-savoie-bauges.fr\\\/index.php\\\/tourisme-local-annecy-aixlriviera-lesgrangesdecapucine\\\/\"},{\"@type\":\"ListItem\",\"position\":3,\"name\":\"Le blog &#8211; Regular\"}]},{\"@type\":\"WebSite\",\"@id\":\"https:\\\/\\\/www.gite-savoie-bauges.fr\\\/#website\",\"url\":\"https:\\\/\\\/www.gite-savoie-bauges.fr\\\/\",\"name\":\"Les granges de Capucine\",\"description\":\"3 gites en Savoie Mont Blanc entre 2 lacs\",\"potentialAction\":[{\"@type\":\"SearchAction\",\"target\":{\"@type\":\"EntryPoint\",\"urlTemplate\":\"https:\\\/\\\/www.gite-savoie-bauges.fr\\\/?s={search_term_string}\"},\"query-input\":{\"@type\":\"PropertyValueSpecification\",\"valueRequired\":true,\"valueName\":\"search_term_string\"}}],\"inLanguage\":\"fr-FR\"}]}<\/script>\n<!-- \/ Yoast SEO plugin. -->","yoast_head_json":{"title":"Activit\u00e9s en Savoie Mont-Blanc - tourisme - territoire - Le Blog de Capuc'In","description":"Les activit\u00e9s en Savoie sont nombreuses ! Laissez-moi vous donner l'envie de d\u00e9couvrir notre territoire \u00e0 travers des articles document\u00e9s !","robots":{"index":"index","follow":"follow","max-snippet":"max-snippet:-1","max-image-preview":"max-image-preview:large","max-video-preview":"max-video-preview:-1"},"canonical":"https:\/\/www.gite-savoie-bauges.fr\/index.php\/tourisme-local-annecy-aixlriviera-lesgrangesdecapucine\/un-blog-sur-les-activites-en-savoie-mont-blanc\/","og_locale":"fr_FR","og_type":"article","og_title":"Activit\u00e9s en Savoie Mont-Blanc - tourisme - territoire - Le Blog de Capuc'In","og_description":"Les activit\u00e9s en Savoie sont nombreuses ! Laissez-moi vous donner l'envie de d\u00e9couvrir notre territoire \u00e0 travers des articles document\u00e9s !","og_url":"https:\/\/www.gite-savoie-bauges.fr\/index.php\/tourisme-local-annecy-aixlriviera-lesgrangesdecapucine\/un-blog-sur-les-activites-en-savoie-mont-blanc\/","og_site_name":"Les granges de Capucine","article_modified_time":"2022-03-25T11:10:04+00:00","og_image":[{"width":1599,"height":758,"url":"https:\/\/www.gite-savoie-bauges.fr\/wp-content\/uploads\/2022\/03\/IMG-20200802-WA0030.jpg","type":"image\/jpeg"}],"twitter_card":"summary_large_image","twitter_misc":{"Dur\u00e9e de lecture estim\u00e9e":"1 minute"},"schema":{"@context":"https:\/\/schema.org","@graph":[{"@type":"WebPage","@id":"https:\/\/www.gite-savoie-bauges.fr\/index.php\/tourisme-local-annecy-aixlriviera-lesgrangesdecapucine\/un-blog-sur-les-activites-en-savoie-mont-blanc\/","url":"https:\/\/www.gite-savoie-bauges.fr\/index.php\/tourisme-local-annecy-aixlriviera-lesgrangesdecapucine\/un-blog-sur-les-activites-en-savoie-mont-blanc\/","name":"Activit\u00e9s en Savoie Mont-Blanc - tourisme - territoire - Le Blog de Capuc'In","isPartOf":{"@id":"https:\/\/www.gite-savoie-bauges.fr\/#website"},"primaryImageOfPage":{"@id":"https:\/\/www.gite-savoie-bauges.fr\/index.php\/tourisme-local-annecy-aixlriviera-lesgrangesdecapucine\/un-blog-sur-les-activites-en-savoie-mont-blanc\/#primaryimage"},"image":{"@id":"https:\/\/www.gite-savoie-bauges.fr\/index.php\/tourisme-local-annecy-aixlriviera-lesgrangesdecapucine\/un-blog-sur-les-activites-en-savoie-mont-blanc\/#primaryimage"},"thumbnailUrl":"https:\/\/www.gite-savoie-bauges.fr\/wp-content\/uploads\/2022\/03\/IMG-20200802-WA0030.jpg","datePublished":"2018-10-31T21:01:59+00:00","dateModified":"2022-03-25T11:10:04+00:00","description":"Les activit\u00e9s en Savoie sont nombreuses ! Laissez-moi vous donner l'envie de d\u00e9couvrir notre territoire \u00e0 travers des articles document\u00e9s !","breadcrumb":{"@id":"https:\/\/www.gite-savoie-bauges.fr\/index.php\/tourisme-local-annecy-aixlriviera-lesgrangesdecapucine\/un-blog-sur-les-activites-en-savoie-mont-blanc\/#breadcrumb"},"inLanguage":"fr-FR","potentialAction":[{"@type":"ReadAction","target":["https:\/\/www.gite-savoie-bauges.fr\/index.php\/tourisme-local-annecy-aixlriviera-lesgrangesdecapucine\/un-blog-sur-les-activites-en-savoie-mont-blanc\/"]}]},{"@type":"ImageObject","inLanguage":"fr-FR","@id":"https:\/\/www.gite-savoie-bauges.fr\/index.php\/tourisme-local-annecy-aixlriviera-lesgrangesdecapucine\/un-blog-sur-les-activites-en-savoie-mont-blanc\/#primaryimage","url":"https:\/\/www.gite-savoie-bauges.fr\/wp-content\/uploads\/2022\/03\/IMG-20200802-WA0030.jpg","contentUrl":"https:\/\/www.gite-savoie-bauges.fr\/wp-content\/uploads\/2022\/03\/IMG-20200802-WA0030.jpg","width":1599,"height":758,"caption":"paysage et activit\u00e9s en Savoie Mont-Blanc"},{"@type":"BreadcrumbList","@id":"https:\/\/www.gite-savoie-bauges.fr\/index.php\/tourisme-local-annecy-aixlriviera-lesgrangesdecapucine\/un-blog-sur-les-activites-en-savoie-mont-blanc\/#breadcrumb","itemListElement":[{"@type":"ListItem","position":1,"name":"Accueil","item":"https:\/\/www.gite-savoie-bauges.fr\/"},{"@type":"ListItem","position":2,"name":"Le blog de Capuc&rsquo;In","item":"https:\/\/www.gite-savoie-bauges.fr\/index.php\/tourisme-local-annecy-aixlriviera-lesgrangesdecapucine\/"},{"@type":"ListItem","position":3,"name":"Le blog &#8211; Regular"}]},{"@type":"WebSite","@id":"https:\/\/www.gite-savoie-bauges.fr\/#website","url":"https:\/\/www.gite-savoie-bauges.fr\/","name":"Les granges de Capucine","description":"3 gites en Savoie Mont Blanc entre 2 lacs","potentialAction":[{"@type":"SearchAction","target":{"@type":"EntryPoint","urlTemplate":"https:\/\/www.gite-savoie-bauges.fr\/?s={search_term_string}"},"query-input":{"@type":"PropertyValueSpecification","valueRequired":true,"valueName":"search_term_string"}}],"inLanguage":"fr-FR"}]}},"_links":{"self":[{"href":"https:\/\/www.gite-savoie-bauges.fr\/index.php\/wp-json\/wp\/v2\/pages\/1356","targetHints":{"allow":["GET"]}}],"collection":[{"href":"https:\/\/www.gite-savoie-bauges.fr\/index.php\/wp-json\/wp\/v2\/pages"}],"about":[{"href":"https:\/\/www.gite-savoie-bauges.fr\/index.php\/wp-json\/wp\/v2\/types\/page"}],"author":[{"embeddable":true,"href":"https:\/\/www.gite-savoie-bauges.fr\/index.php\/wp-json\/wp\/v2\/users\/1"}],"replies":[{"embeddable":true,"href":"https:\/\/www.gite-savoie-bauges.fr\/index.php\/wp-json\/wp\/v2\/comments?post=1356"}],"version-history":[{"count":5,"href":"https:\/\/www.gite-savoie-bauges.fr\/index.php\/wp-json\/wp\/v2\/pages\/1356\/revisions"}],"predecessor-version":[{"id":4003,"href":"https:\/\/www.gite-savoie-bauges.fr\/index.php\/wp-json\/wp\/v2\/pages\/1356\/revisions\/4003"}],"up":[{"embeddable":true,"href":"https:\/\/www.gite-savoie-bauges.fr\/index.php\/wp-json\/wp\/v2\/pages\/571"}],"wp:featuredmedia":[{"embeddable":true,"href":"https:\/\/www.gite-savoie-bauges.fr\/index.php\/wp-json\/wp\/v2\/media\/3684"}],"wp:attachment":[{"href":"https:\/\/www.gite-savoie-bauges.fr\/index.php\/wp-json\/wp\/v2\/media?parent=1356"}],"curies":[{"name":"wp","href":"https:\/\/api.w.org\/{rel}","templated":true}]}}